{"id":32076,"date":"2026-02-26T16:05:08","date_gmt":"2026-02-26T13:05:08","guid":{"rendered":"https:\/\/akdenizhaber.com.tr\/?page_id=32076"},"modified":"2026-02-26T16:05:13","modified_gmt":"2026-02-26T13:05:13","slug":"manavgat-tek-yurek-esnaf-kefalet-sofrasinda-tarihi-bulusma","status":"publish","type":"page","link":"https:\/\/akdenizhaber.com.tr\/index.php\/manavgat-tek-yurek-esnaf-kefalet-sofrasinda-tarihi-bulusma\/","title":{"rendered":"MANAVGAT TEK Y\u00dcREK: ESNAF KEFALET SOFRASINDA TAR\u0130H\u0130 BULU\u015eMA!"},"content":{"rendered":"\n<p><\/p>\n\n\n\n<p>Manavgat\u2019\u0131n kalbi Cumartesi Pazar\u0131\u2019nda att\u0131. Esnaf ve Sanatkarlar Kredi Kefalet Kooperatifi\u2019nin ev sahipli\u011finde kurulan 5 bin ki\u015filik dev sofra, Manavgat\u2019\u0131n sadece bir il\u00e7e de\u011fil, dev bir aile oldu\u011funu bir kez daha kan\u0131tlad\u0131.<\/p>\n\n\n\n<p>\u015eehrimizin birle\u015ftirici g\u00fcc<a>\u00fc, esnaf\u0131m\u0131z\u0131n g\u00fcven kap\u0131s\u0131 Manavgat Esnaf ve Sanatkarlar Kredi Kefalet Kooperatifi<\/a>, 25 \u015eubat 2026\u2019da d\u00fczenledi\u011fi iftar yeme\u011fiyle Manavgat tarihine ge\u00e7ecek bir organizasyona imza att\u0131. Yakla\u015f\u0131k 5 bin Manavgatl\u0131, ayn\u0131 semaya el a\u00e7\u0131p ayn\u0131 ekme\u011fi payla\u015farak \u015fehrin birlik ve beraberlik mesaj\u0131n\u0131 t\u00fcm b\u00f6lgeye ilan etti.<\/p>\n\n\n\n<p>&#8220;Manavgat Varsa Biz Var\u0131z&#8221;<\/p>\n\n\n\n<p>Manavgat\u2019\u0131n her mahallesinden, her soka\u011f\u0131ndan gelen esnaflar\u0131 ve vatanda\u015flar\u0131 a\u011f\u0131rlayan Kooperatif Ba\u015fkan\u0131 Salim Aksoy, konu\u015fmas\u0131nda Manavgat vurgusunu en \u00fcst perdeye ta\u015f\u0131d\u0131. Aksoy; &#8220;Bug\u00fcn burada sadece bir iftar yapm\u0131yoruz; biz Manavgat olarak kenetleniyoruz. Esnaf\u0131m\u0131z bu \u015fehrin \u00e7imentosudur, bereketi ve gelece\u011fidir. Manavgat varsa biz var\u0131z, esnaf\u0131m\u0131z g\u00fc\u00e7l\u00fcyse Manavgat g\u00fc\u00e7l\u00fcd\u00fcr. Bu muazzam kalabal\u0131k, Manavgat\u2019\u0131n dayan\u0131\u015fma k\u00fclt\u00fcr\u00fcn\u00fcn en b\u00fcy\u00fck ni\u015fanesidir&#8221; diyerek salondan b\u00fcy\u00fck alk\u0131\u015f ald\u0131.<\/p>\n\n\n\n<p>Manavgat\u2019\u0131n Her Rengi Bu Sofradayd\u0131<\/p>\n\n\n\n<p>Manavgat\u2019\u0131n yerel y\u00f6neticileri, siyasi partileri, sivil toplum kurulu\u015flar\u0131 ve oda ba\u015fkanlar\u0131, siyasi g\u00f6r\u00fc\u015f g\u00f6zetmeksizin ayn\u0131 safta bulu\u015ftu. Ba\u015fkan Salim Aksoy, &#8220;Manavgat\u2019\u0131n \u00f6zledi\u011fi tablo tam da budur. Bizim tek derdimiz bu \u015fehre ve bu \u015fehrin emektar esnaf\u0131na hizmet etmektir&#8221; s\u00f6zleriyle kat\u0131l\u0131mc\u0131lar\u0131n takdirini toplad\u0131.<\/p>\n\n\n\n<p>Manavgat\u2019\u0131n Ekonomik G\u00fcc\u00fc Tescillendi<\/p>\n\n\n\n<p>Programa kat\u0131lan TESKOMB Genel Ba\u015fkan Yard\u0131mc\u0131s\u0131 Ahmet Tural\u0131 da konu\u015fmas\u0131nda Manavgat\u2019a \u00f6zel bir parantez a\u00e7t\u0131: &#8220;Manavgat kooperatifimiz, T\u00fcrkiye\u2019nin en g\u00fc\u00e7l\u00fc ve vizyoner te\u015fkilatlar\u0131ndan biridir. Buradaki 5 bin ki\u015filik birliktelik ruhu, Manavgat esnaf\u0131n\u0131n ne kadar \u00f6rg\u00fctl\u00fc ve bilin\u00e7li oldu\u011funun kan\u0131t\u0131d\u0131r.&#8221;<\/p>\n\n\n\n<p>SAL\u0130M AKSOY EN BA\u015eARILI BA\u015eKAN<\/p>\n\n\n\n<p>Manavgat&nbsp; Esnaf ve Sanatkarlar Kredi Kefalet Kooperatifi ba\u015fkan\u0131 Salim Aksoy\u2019un kefalet kooperatifleri aras\u0131nda ilk s\u0131ralarda yer al\u0131yor olmas\u0131 Manavgat esnaf\u0131 taraf\u0131ndan takdirle kar\u015f\u0131lan\u0131rken Aksoy\u2019un T\u00fcrkiye genelinde kooperatifler alt\u0131nc\u0131 b\u00f6lge denetim kurulu ba\u015fkanl\u0131\u011f\u0131 g\u00f6revini ba\u015far\u0131yla y\u00fcr\u00fct\u00fcyor olmas\u0131 Manavgat ad\u0131na ayr\u0131ca b\u00fcy\u00fck ponur oldu\u011fu iftara kat\u0131lan esnaflar taraf\u0131ndan dile getirildi.<\/p>\n\n\n\n<p>Salim Aksoy\u2019u Manavgat ad\u0131na kutluyor, ba\u015far\u0131lar\u0131n\u0131n devam\u0131n\u0131 diliyoruz.<\/p>\n\n\n\n<p>B\u00fc\u015fra Deveci \/ Haber<\/p>\n","protected":false},"excerpt":{"rendered":"<p>Manavgat\u2019\u0131n kalbi Cumartesi Pazar\u0131\u2019nda att\u0131. Esnaf ve Sanatkarlar Kredi Kefalet Kooperatifi\u2019nin ev sahipli\u011finde kurulan 5 bin ki\u015filik dev sofra, Manavgat\u2019\u0131n sadece bir il\u00e7e de\u011fil, dev <a href=\"https:\/\/akdenizhaber.com.tr\/index.php\/manavgat-tek-yurek-esnaf-kefalet-sofrasinda-tarihi-bulusma\/\" class=\"read-more-link\">[more&#8230;]<\/a><\/p>\n","protected":false},"author":2,"featured_media":32077,"parent":0,"menu_order":0,"comment_status":"closed","ping_status":"closed","template":"","meta":{"footnotes":""},"class_list":["post-32076","page","type-page","status-publish","has-post-thumbnail","hentry"],"_links":{"self":[{"href":"https:\/\/akdenizhaber.com.tr\/index.php\/wp-json\/wp\/v2\/pages\/32076","targetHints":{"allow":["GET"]}}],"collection":[{"href":"https:\/\/akdenizhaber.com.tr\/index.php\/wp-json\/wp\/v2\/pages"}],"about":[{"href":"https:\/\/akdenizhaber.com.tr\/index.php\/wp-json\/wp\/v2\/types\/page"}],"author":[{"embeddable":true,"href":"https:\/\/akdenizhaber.com.tr\/index.php\/wp-json\/wp\/v2\/users\/2"}],"replies":[{"embeddable":true,"href":"https:\/\/akdenizhaber.com.tr\/index.php\/wp-json\/wp\/v2\/comments?post=32076"}],"version-history":[{"count":1,"href":"https:\/\/akdenizhaber.com.tr\/index.php\/wp-json\/wp\/v2\/pages\/32076\/revisions"}],"predecessor-version":[{"id":32078,"href":"https:\/\/akdenizhaber.com.tr\/index.php\/wp-json\/wp\/v2\/pages\/32076\/revisions\/32078"}],"wp:featuredmedia":[{"embeddable":true,"href":"https:\/\/akdenizhaber.com.tr\/index.php\/wp-json\/wp\/v2\/media\/32077"}],"wp:attachment":[{"href":"https:\/\/akdenizhaber.com.tr\/index.php\/wp-json\/wp\/v2\/media?parent=32076"}],"curies":[{"name":"wp","href":"https:\/\/api.w.org\/{rel}","templated":true}]}}